{"id":185,"date":"2013-11-10T09:15:24","date_gmt":"2013-11-10T09:15:24","guid":{"rendered":"http:\/\/beta.baberg-drehtechnik.de\/?page_id=185"},"modified":"2016-11-29T09:49:13","modified_gmt":"2016-11-29T09:49:13","slug":"historie","status":"publish","type":"page","link":"https:\/\/beta.baberg-drehtechnik.de\/?page_id=185","title":{"rendered":"Historie"},"content":{"rendered":"<h1>Qualit\u00e4t hat einen Ursprung&#8230;<\/h1>\n<p style=\"text-align: justify;\">Die&nbsp; Baberg Drehtechnik GmbH und Co. KG steht seit \u00fcber 80 Jahren&nbsp;in den Bereichen der Pr\u00e4zisionsdrehteilfertigung, der Oberfl\u00e4chenveredelung und der Baugruppenmontage f\u00fcr eine konsequente, flexible und innovative Umsetzung der Ziele unserer Kunden.<br \/>\nModernste CNC-Drehautomaten und technisches Know-how, sorgen f\u00fcr eine &nbsp;&nbsp;&nbsp;&nbsp;&nbsp; zuverl\u00e4ssige, effiziente und \u00f6konomische Auftragserf\u00fcllung. Mit einem&nbsp;zertifizierten Qualit\u00e4tsmanagement garantieren wir ein gleich bleibend hohes Qualit\u00e4tslevel unserer Produkte.<\/p>\n<p class=\"hide-if-no-js\"><a id=\"set-post-thumbnail\" class=\"thickbox\" href=\"http:\/\/www.baberg-drehtechnik.de\/wp-admin\/media-upload.php?post_id=185&amp;type=image&amp;TB_iframe=1\"><img loading=\"lazy\" decoding=\"async\" class=\"attachment-post-thumbnail size-post-thumbnail\" src=\"http:\/\/www.baberg-drehtechnik.de\/wp-content\/uploads\/2013\/11\/alte_werkstatt_800x533px-800x288.jpg\" alt=\"alte_werkstatt_800x533px\" height=\"210\" width=\"584\"><\/a><\/p>\n<p style=\"text-align: justify;\">\nZudem bieten wir durch einen 24h-Betrieb attraktive Lieferzeiten&nbsp;und erf\u00fcllen auch kurzfristige Kundenw\u00fcnsche problemlos und schnell.&nbsp;\u00dcberzeugen Sie sich auf den n\u00e4chsten Seiten \u00fcber die Leistungsf\u00e4higkeit&nbsp;und die Qualit\u00e4t unseres Unternehmens. Wir freuen uns auf eine&nbsp;partnerschaftliche Zusammenarbeit.<\/p>\n<p>&nbsp;<\/p>\n<p>Ihr Hans-Ulrich und&nbsp;Johannes Schulte.<\/p>\n","protected":false},"excerpt":{"rendered":"<p>Qualit\u00e4t hat einen Ursprung&#8230; Die&nbsp; Baberg Drehtechnik GmbH und Co. KG steht seit \u00fcber 80 Jahren&nbsp;in den Bereichen der Pr\u00e4zisionsdrehteilfertigung, der Oberfl\u00e4chenveredelung und der Baugruppenmontage f\u00fcr eine konsequente, flexible und innovative Umsetzung der Ziele unserer Kunden. Modernste CNC-Drehautomaten und technisches &hellip; <a href=\"https:\/\/beta.baberg-drehtechnik.de\/?page_id=185\">Weiterlesen <span class=\"meta-nav\">&rarr;<\/span><\/a><\/p>\n","protected":false},"author":2,"featured_media":550,"parent":28,"menu_order":0,"comment_status":"closed","ping_status":"closed","template":"sidebar-page.php","meta":{"ngg_post_thumbnail":0,"footnotes":""},"class_list":["post-185","page","type-page","status-publish","has-post-thumbnail","hentry"],"_links":{"self":[{"href":"https:\/\/beta.baberg-drehtechnik.de\/index.php?rest_route=\/wp\/v2\/pages\/185","targetHints":{"allow":["GET"]}}],"collection":[{"href":"https:\/\/beta.baberg-drehtechnik.de\/index.php?rest_route=\/wp\/v2\/pages"}],"about":[{"href":"https:\/\/beta.baberg-drehtechnik.de\/index.php?rest_route=\/wp\/v2\/types\/page"}],"author":[{"embeddable":true,"href":"https:\/\/beta.baberg-drehtechnik.de\/index.php?rest_route=\/wp\/v2\/users\/2"}],"replies":[{"embeddable":true,"href":"https:\/\/beta.baberg-drehtechnik.de\/index.php?rest_route=%2Fwp%2Fv2%2Fcomments&post=185"}],"version-history":[{"count":7,"href":"https:\/\/beta.baberg-drehtechnik.de\/index.php?rest_route=\/wp\/v2\/pages\/185\/revisions"}],"predecessor-version":[{"id":556,"href":"https:\/\/beta.baberg-drehtechnik.de\/index.php?rest_route=\/wp\/v2\/pages\/185\/revisions\/556"}],"up":[{"embeddable":true,"href":"https:\/\/beta.baberg-drehtechnik.de\/index.php?rest_route=\/wp\/v2\/pages\/28"}],"wp:featuredmedia":[{"embeddable":true,"href":"https:\/\/beta.baberg-drehtechnik.de\/index.php?rest_route=\/wp\/v2\/media\/550"}],"wp:attachment":[{"href":"https:\/\/beta.baberg-drehtechnik.de\/index.php?rest_route=%2Fwp%2Fv2%2Fmedia&parent=185"}],"curies":[{"name":"wp","href":"https:\/\/api.w.org\/{rel}","templated":true}]}}