{"id":187,"date":"2013-11-10T09:16:06","date_gmt":"2013-11-10T09:16:06","guid":{"rendered":"http:\/\/beta.baberg-drehtechnik.de\/?page_id=187"},"modified":"2016-11-29T09:41:15","modified_gmt":"2016-11-29T09:41:15","slug":"produktion","status":"publish","type":"page","link":"https:\/\/beta.baberg-drehtechnik.de\/?page_id=187","title":{"rendered":"Produktion"},"content":{"rendered":"<h1><em>Pr\u00e4zision hat einen Ursprung&#8230;<\/em><\/h1>\n<p style=\"text-align: justify;\">Modernste Produktionsmittel, in Verbindung mit hochqualifizierten Mitarbeiten, stellen die Basis\u00a0f\u00fcr eine pr\u00e4zise, zuverl\u00e4ssige und wirtschaftliche Umsetzung der Ziele unserer Kunden.\u00a0Eine unserer Kompetenzen liegt im Besonderen in der Realisierung komplexer Kundenw\u00fcnsche, die wir individuell von der Planungsphase bis zum Endprodukt effizient managen. Unser\u00a0Fertigungsbereich umfasst alle zerspanbaren Materialien im Ma\u00dfbereich bis 32mm. Die Fertigung\u00a0erfolgt nach Muster oder Zeichnung. Zudem bieten wird durch einen 24h-Betrieb \u00e4u\u00dferst attraktive Lieferzeiten und erf\u00fcllen auch kurzfristige Pro-duktw\u00fcnsche problemlos und schnell.<\/p>\n<p style=\"text-align: left;\"><em><strong>Ihre Vorteile<\/strong><\/em>:<\/p>\n<ul>\n<li>modernste Produktionsmittel<\/li>\n<li>hochqualifizierte Mitarbeiter<\/li>\n<li>pr\u00e4zise, zuverl\u00e4ssige und wirtschaftliche Umsetzung Ihrer W\u00fcnsche und Ideen<\/li>\n<li>Realisierung Ihrer Vorgaben und Vorhaben<\/li>\n<li>Effizientes Management von der Planung bis zum Endprodukt<\/li>\n<li>Bearbeitung aller zerspanbaren\u00a0Materialien bis 32mm<\/li>\n<li>24 h-Betrieb<\/li>\n<\/ul>\n<p style=\"text-align: left;\"><a href=\"http:\/\/www.baberg-drehtechnik.de\/wp-content\/uploads\/2016\/07\/20151128-IMG_0580.jpg\"><img loading=\"lazy\" decoding=\"async\" class=\"alignnone wp-image-523\" src=\"http:\/\/www.baberg-drehtechnik.de\/wp-content\/uploads\/2016\/07\/20151128-IMG_0580-300x200.jpg\" alt=\"20151128-IMG_0580\" width=\"299\" height=\"203\" \/><\/a><a href=\"http:\/\/www.baberg-drehtechnik.de\/wp-content\/uploads\/2016\/07\/20151128-IMG_0523.jpg\"><img loading=\"lazy\" decoding=\"async\" class=\"alignnone size-medium wp-image-504\" src=\"http:\/\/www.baberg-drehtechnik.de\/wp-content\/uploads\/2016\/07\/20151128-IMG_0523-300x200.jpg\" alt=\"20151128-IMG_0523\" width=\"300\" height=\"200\" srcset=\"https:\/\/beta.baberg-drehtechnik.de\/wp-content\/uploads\/2016\/07\/20151128-IMG_0523-300x200.jpg 300w, https:\/\/beta.baberg-drehtechnik.de\/wp-content\/uploads\/2016\/07\/20151128-IMG_0523-768x512.jpg 768w, https:\/\/beta.baberg-drehtechnik.de\/wp-content\/uploads\/2016\/07\/20151128-IMG_0523-1024x682.jpg 1024w, https:\/\/beta.baberg-drehtechnik.de\/wp-content\/uploads\/2016\/07\/20151128-IMG_0523-450x300.jpg 450w, https:\/\/beta.baberg-drehtechnik.de\/wp-content\/uploads\/2016\/07\/20151128-IMG_0523.jpg 1280w\" sizes=\"auto, (max-width: 300px) 100vw, 300px\" \/><\/a><\/p>\n","protected":false},"excerpt":{"rendered":"<p>Pr\u00e4zision hat einen Ursprung&#8230; Modernste Produktionsmittel, in Verbindung mit hochqualifizierten Mitarbeiten, stellen die Basis\u00a0f\u00fcr eine pr\u00e4zise, zuverl\u00e4ssige und wirtschaftliche Umsetzung der Ziele unserer Kunden.\u00a0Eine unserer Kompetenzen liegt im Besonderen in der Realisierung komplexer Kundenw\u00fcnsche, die wir individuell von der Planungsphase &hellip; <a href=\"https:\/\/beta.baberg-drehtechnik.de\/?page_id=187\">Weiterlesen <span class=\"meta-nav\">&rarr;<\/span><\/a><\/p>\n","protected":false},"author":2,"featured_media":514,"parent":28,"menu_order":2,"comment_status":"closed","ping_status":"closed","template":"sidebar-page.php","meta":{"ngg_post_thumbnail":0,"footnotes":""},"class_list":["post-187","page","type-page","status-publish","has-post-thumbnail","hentry"],"_links":{"self":[{"href":"https:\/\/beta.baberg-drehtechnik.de\/index.php?rest_route=\/wp\/v2\/pages\/187","targetHints":{"allow":["GET"]}}],"collection":[{"href":"https:\/\/beta.baberg-drehtechnik.de\/index.php?rest_route=\/wp\/v2\/pages"}],"about":[{"href":"https:\/\/beta.baberg-drehtechnik.de\/index.php?rest_route=\/wp\/v2\/types\/page"}],"author":[{"embeddable":true,"href":"https:\/\/beta.baberg-drehtechnik.de\/index.php?rest_route=\/wp\/v2\/users\/2"}],"replies":[{"embeddable":true,"href":"https:\/\/beta.baberg-drehtechnik.de\/index.php?rest_route=%2Fwp%2Fv2%2Fcomments&post=187"}],"version-history":[{"count":10,"href":"https:\/\/beta.baberg-drehtechnik.de\/index.php?rest_route=\/wp\/v2\/pages\/187\/revisions"}],"predecessor-version":[{"id":276,"href":"https:\/\/beta.baberg-drehtechnik.de\/index.php?rest_route=\/wp\/v2\/pages\/187\/revisions\/276"}],"up":[{"embeddable":true,"href":"https:\/\/beta.baberg-drehtechnik.de\/index.php?rest_route=\/wp\/v2\/pages\/28"}],"wp:featuredmedia":[{"embeddable":true,"href":"https:\/\/beta.baberg-drehtechnik.de\/index.php?rest_route=\/wp\/v2\/media\/514"}],"wp:attachment":[{"href":"https:\/\/beta.baberg-drehtechnik.de\/index.php?rest_route=%2Fwp%2Fv2%2Fmedia&parent=187"}],"curies":[{"name":"wp","href":"https:\/\/api.w.org\/{rel}","templated":true}]}}