{"id":28,"date":"2013-09-19T09:34:02","date_gmt":"2013-09-19T09:34:02","guid":{"rendered":"http:\/\/beta.baberg-drehtechnik.de\/?page_id=28"},"modified":"2016-11-29T08:21:45","modified_gmt":"2016-11-29T08:21:45","slug":"baberg","status":"publish","type":"page","link":"https:\/\/beta.baberg-drehtechnik.de\/?page_id=28","title":{"rendered":"\u00dcber uns"},"content":{"rendered":"<h2>QUALIT\u00c4T HAT EINEN URSPRUNG<\/h2>\n<p style=\"text-align: justify;\">Die Baberg Drehtechnik GmbH &amp; Co. KG steht seit \u00fcber 80 Jahren in\u00a0den Bereichen der Pr\u00e4zisionsdrehteilefertigung, der Oberfl\u00e4chenveredelung und\u00a0der Baugruppenmontage f\u00fcr eine konsequente, flexible und innovative Umsetzung der Ziele unserer Kunden. Kontinuit\u00e4t \u00a0wird in dem familiengef\u00fchrten Unternehmen gro\u00df geschrieben. Der \u00dcbergang in die dritte Generation durch Herrn Johannes Schulte ist bereits erfolgt.<\/p>\n<div style=\"width: 810px\" class=\"wp-caption aligncenter\"><img loading=\"lazy\" decoding=\"async\" class=\"size-full wp-image-475\" src=\"http:\/\/www.baberg-drehtechnik.de\/wp-content\/uploads\/2016\/03\/IMG_0574.jpg\" alt=\"Fertigung bei Baberg\" width=\"800\" height=\"533\" srcset=\"https:\/\/beta.baberg-drehtechnik.de\/wp-content\/uploads\/2016\/03\/IMG_0574.jpg 800w, https:\/\/beta.baberg-drehtechnik.de\/wp-content\/uploads\/2016\/03\/IMG_0574-300x200.jpg 300w, https:\/\/beta.baberg-drehtechnik.de\/wp-content\/uploads\/2016\/03\/IMG_0574-768x512.jpg 768w, https:\/\/beta.baberg-drehtechnik.de\/wp-content\/uploads\/2016\/03\/IMG_0574-450x300.jpg 450w\" sizes=\"auto, (max-width: 800px) 100vw, 800px\" \/><p class=\"wp-caption-text\">Ein Blick in unsere Fertigung<\/p><\/div>\n<p style=\"text-align: justify;\">Moderne CNC-Drehautomaten und technisches Know how sorgen f\u00fcr eine zuverl\u00e4ssige, effiziente und \u00f6konomische Auftragserf\u00fcllung. Mit einem zertifizierten Qualit\u00e4ts-management garantieren wir ein gleichbleibend hohes Qualit\u00e4tsniveau unserer Produkte.<\/p>\n<p style=\"text-align: justify;\">Zudem bieten wir durch einen 24-Stunden Betrieb attraktive Lieferzeiten und erf\u00fcllen auch kurzfristige Kundenw\u00fcnsche problemlos und schnell. \u00dcberzeugen Sie sich auf den n\u00e4chsten Seiten \u00fcber die Leistungsf\u00e4higkeit und die Qualit\u00e4t unseres Unternehmens.<\/p>\n<p>Wir freuen uns auf eine partnerschaftliche Zusammenarbeit!<\/p>\n","protected":false},"excerpt":{"rendered":"<p>QUALIT\u00c4T HAT EINEN URSPRUNG Die Baberg Drehtechnik GmbH &amp; Co. KG steht seit \u00fcber 80 Jahren in\u00a0den Bereichen der Pr\u00e4zisionsdrehteilefertigung, der Oberfl\u00e4chenveredelung und\u00a0der Baugruppenmontage f\u00fcr eine konsequente, flexible und innovative Umsetzung der Ziele unserer Kunden. Kontinuit\u00e4t \u00a0wird in dem familiengef\u00fchrten &hellip; <a href=\"https:\/\/beta.baberg-drehtechnik.de\/?page_id=28\">Weiterlesen <span class=\"meta-nav\">&rarr;<\/span><\/a><\/p>\n","protected":false},"author":2,"featured_media":300,"parent":0,"menu_order":1,"comment_status":"closed","ping_status":"closed","template":"sidebar-page.php","meta":{"ngg_post_thumbnail":0,"footnotes":""},"class_list":["post-28","page","type-page","status-publish","has-post-thumbnail","hentry"],"_links":{"self":[{"href":"https:\/\/beta.baberg-drehtechnik.de\/index.php?rest_route=\/wp\/v2\/pages\/28","targetHints":{"allow":["GET"]}}],"collection":[{"href":"https:\/\/beta.baberg-drehtechnik.de\/index.php?rest_route=\/wp\/v2\/pages"}],"about":[{"href":"https:\/\/beta.baberg-drehtechnik.de\/index.php?rest_route=\/wp\/v2\/types\/page"}],"author":[{"embeddable":true,"href":"https:\/\/beta.baberg-drehtechnik.de\/index.php?rest_route=\/wp\/v2\/users\/2"}],"replies":[{"embeddable":true,"href":"https:\/\/beta.baberg-drehtechnik.de\/index.php?rest_route=%2Fwp%2Fv2%2Fcomments&post=28"}],"version-history":[{"count":24,"href":"https:\/\/beta.baberg-drehtechnik.de\/index.php?rest_route=\/wp\/v2\/pages\/28\/revisions"}],"predecessor-version":[{"id":545,"href":"https:\/\/beta.baberg-drehtechnik.de\/index.php?rest_route=\/wp\/v2\/pages\/28\/revisions\/545"}],"wp:featuredmedia":[{"embeddable":true,"href":"https:\/\/beta.baberg-drehtechnik.de\/index.php?rest_route=\/wp\/v2\/media\/300"}],"wp:attachment":[{"href":"https:\/\/beta.baberg-drehtechnik.de\/index.php?rest_route=%2Fwp%2Fv2%2Fmedia&parent=28"}],"curies":[{"name":"wp","href":"https:\/\/api.w.org\/{rel}","templated":true}]}}