{"id":320,"date":"2013-12-30T09:58:29","date_gmt":"2013-12-30T09:58:29","guid":{"rendered":"http:\/\/beta.baberg-drehtechnik.de\/?page_id=320"},"modified":"2016-11-29T08:19:37","modified_gmt":"2016-11-29T08:19:37","slug":"ventiltechnik","status":"publish","type":"page","link":"https:\/\/beta.baberg-drehtechnik.de\/?page_id=320","title":{"rendered":"Ventiltechnik"},"content":{"rendered":"<h1>Diese Seiten werden gerade \u00fcberarbeitet. Bitte schauen Sie in den n\u00e4chsten Tagen noch einmal vorbei!<\/h1>\n<p>Ist Ihre Produktgruppe nicht aufgef\u00fchrt? Kein Problem, \u00fcberzeugen Sie sich von unserer Qualit\u00e4t\u00a0und testen Sie uns!<\/p>\n<p>Gern beraten wir Sie pers\u00f6nlich.<\/p>\n<p><a href=\"http:\/\/www.baberg-drehtechnik.de\/wp-content\/uploads\/2016\/07\/20160709-IMG_1720.jpg\"><img loading=\"lazy\" decoding=\"async\" class=\"alignnone size-medium wp-image-534\" src=\"http:\/\/www.baberg-drehtechnik.de\/wp-content\/uploads\/2016\/07\/20160709-IMG_1720-300x200.jpg\" alt=\"20160709-IMG_1720\" width=\"300\" height=\"200\" srcset=\"https:\/\/beta.baberg-drehtechnik.de\/wp-content\/uploads\/2016\/07\/20160709-IMG_1720-300x200.jpg 300w, https:\/\/beta.baberg-drehtechnik.de\/wp-content\/uploads\/2016\/07\/20160709-IMG_1720-768x512.jpg 768w, https:\/\/beta.baberg-drehtechnik.de\/wp-content\/uploads\/2016\/07\/20160709-IMG_1720-1024x682.jpg 1024w, https:\/\/beta.baberg-drehtechnik.de\/wp-content\/uploads\/2016\/07\/20160709-IMG_1720-450x300.jpg 450w, https:\/\/beta.baberg-drehtechnik.de\/wp-content\/uploads\/2016\/07\/20160709-IMG_1720.jpg 1280w\" sizes=\"auto, (max-width: 300px) 100vw, 300px\" \/><\/a> <a href=\"http:\/\/www.baberg-drehtechnik.de\/wp-content\/uploads\/2016\/07\/20160709-IMG_1717.jpg\"><img loading=\"lazy\" decoding=\"async\" class=\"alignnone size-medium wp-image-533\" src=\"http:\/\/www.baberg-drehtechnik.de\/wp-content\/uploads\/2016\/07\/20160709-IMG_1717-300x200.jpg\" alt=\"20160709-IMG_1717\" width=\"300\" height=\"200\" srcset=\"https:\/\/beta.baberg-drehtechnik.de\/wp-content\/uploads\/2016\/07\/20160709-IMG_1717-300x200.jpg 300w, https:\/\/beta.baberg-drehtechnik.de\/wp-content\/uploads\/2016\/07\/20160709-IMG_1717-768x512.jpg 768w, https:\/\/beta.baberg-drehtechnik.de\/wp-content\/uploads\/2016\/07\/20160709-IMG_1717-1024x682.jpg 1024w, https:\/\/beta.baberg-drehtechnik.de\/wp-content\/uploads\/2016\/07\/20160709-IMG_1717-450x300.jpg 450w, https:\/\/beta.baberg-drehtechnik.de\/wp-content\/uploads\/2016\/07\/20160709-IMG_1717.jpg 1280w\" sizes=\"auto, (max-width: 300px) 100vw, 300px\" \/><\/a><a href=\"http:\/\/www.baberg-drehtechnik.de\/wp-content\/uploads\/2013\/12\/veredeln-eloxal-800.jpg\"><img loading=\"lazy\" decoding=\"async\" class=\"alignnone size-medium wp-image-379\" src=\"http:\/\/www.baberg-drehtechnik.de\/wp-content\/uploads\/2013\/12\/veredeln-eloxal-800-300x200.jpg\" alt=\"veredeln-eloxal-800\" width=\"300\" height=\"200\" srcset=\"https:\/\/beta.baberg-drehtechnik.de\/wp-content\/uploads\/2013\/12\/veredeln-eloxal-800-300x200.jpg 300w, https:\/\/beta.baberg-drehtechnik.de\/wp-content\/uploads\/2013\/12\/veredeln-eloxal-800-449x300.jpg 449w, https:\/\/beta.baberg-drehtechnik.de\/wp-content\/uploads\/2013\/12\/veredeln-eloxal-800.jpg 800w\" sizes=\"auto, (max-width: 300px) 100vw, 300px\" \/><\/a><\/p>\n","protected":false},"excerpt":{"rendered":"<p>Diese Seiten werden gerade \u00fcberarbeitet. Bitte schauen Sie in den n\u00e4chsten Tagen noch einmal vorbei! Ist Ihre Produktgruppe nicht aufgef\u00fchrt? Kein Problem, \u00fcberzeugen Sie sich von unserer Qualit\u00e4t\u00a0und testen Sie uns! Gern beraten wir Sie pers\u00f6nlich.<\/p>\n","protected":false},"author":2,"featured_media":0,"parent":37,"menu_order":150,"comment_status":"closed","ping_status":"closed","template":"sidebar-page.php","meta":{"ngg_post_thumbnail":0,"footnotes":""},"class_list":["post-320","page","type-page","status-publish","hentry"],"_links":{"self":[{"href":"https:\/\/beta.baberg-drehtechnik.de\/index.php?rest_route=\/wp\/v2\/pages\/320","targetHints":{"allow":["GET"]}}],"collection":[{"href":"https:\/\/beta.baberg-drehtechnik.de\/index.php?rest_route=\/wp\/v2\/pages"}],"about":[{"href":"https:\/\/beta.baberg-drehtechnik.de\/index.php?rest_route=\/wp\/v2\/types\/page"}],"author":[{"embeddable":true,"href":"https:\/\/beta.baberg-drehtechnik.de\/index.php?rest_route=\/wp\/v2\/users\/2"}],"replies":[{"embeddable":true,"href":"https:\/\/beta.baberg-drehtechnik.de\/index.php?rest_route=%2Fwp%2Fv2%2Fcomments&post=320"}],"version-history":[{"count":8,"href":"https:\/\/beta.baberg-drehtechnik.de\/index.php?rest_route=\/wp\/v2\/pages\/320\/revisions"}],"predecessor-version":[{"id":549,"href":"https:\/\/beta.baberg-drehtechnik.de\/index.php?rest_route=\/wp\/v2\/pages\/320\/revisions\/549"}],"up":[{"embeddable":true,"href":"https:\/\/beta.baberg-drehtechnik.de\/index.php?rest_route=\/wp\/v2\/pages\/37"}],"wp:attachment":[{"href":"https:\/\/beta.baberg-drehtechnik.de\/index.php?rest_route=%2Fwp%2Fv2%2Fmedia&parent=320"}],"curies":[{"name":"wp","href":"https:\/\/api.w.org\/{rel}","templated":true}]}}