{"id":327,"date":"2013-12-30T18:23:55","date_gmt":"2013-12-30T18:23:55","guid":{"rendered":"http:\/\/beta.baberg-drehtechnik.de\/?page_id=327"},"modified":"2016-12-01T08:47:41","modified_gmt":"2016-12-01T08:47:41","slug":"elektrotechnik","status":"publish","type":"page","link":"https:\/\/beta.baberg-drehtechnik.de\/?page_id=327","title":{"rendered":"Elektrotechnik"},"content":{"rendered":"<h1>Diese Seiten werden gerade \u00fcberarbeitet. Bitte schauen Sie in den n\u00e4chsten Tagen noch einmal vorbei!<\/h1>\n<p>Ist Ihre Produktgruppe nicht aufgef\u00fchrt? Kein Problem, \u00fcberzeugen Sie sich von unserer Qualit\u00e4t\u00a0und testen Sie uns!<\/p>\n<p>Gern beraten wir Sie pers\u00f6nlich.<\/p>\n","protected":false},"excerpt":{"rendered":"<p>Diese Seiten werden gerade \u00fcberarbeitet. Bitte schauen Sie in den n\u00e4chsten Tagen noch einmal vorbei! Ist Ihre Produktgruppe nicht aufgef\u00fchrt? Kein Problem, \u00fcberzeugen Sie sich von unserer Qualit\u00e4t\u00a0und testen Sie uns! Gern beraten wir Sie pers\u00f6nlich.<\/p>\n","protected":false},"author":2,"featured_media":520,"parent":37,"menu_order":200,"comment_status":"closed","ping_status":"closed","template":"sidebar-page.php","meta":{"ngg_post_thumbnail":0,"footnotes":""},"class_list":["post-327","page","type-page","status-publish","has-post-thumbnail","hentry"],"_links":{"self":[{"href":"https:\/\/beta.baberg-drehtechnik.de\/index.php?rest_route=\/wp\/v2\/pages\/327","targetHints":{"allow":["GET"]}}],"collection":[{"href":"https:\/\/beta.baberg-drehtechnik.de\/index.php?rest_route=\/wp\/v2\/pages"}],"about":[{"href":"https:\/\/beta.baberg-drehtechnik.de\/index.php?rest_route=\/wp\/v2\/types\/page"}],"author":[{"embeddable":true,"href":"https:\/\/beta.baberg-drehtechnik.de\/index.php?rest_route=\/wp\/v2\/users\/2"}],"replies":[{"embeddable":true,"href":"https:\/\/beta.baberg-drehtechnik.de\/index.php?rest_route=%2Fwp%2Fv2%2Fcomments&post=327"}],"version-history":[{"count":5,"href":"https:\/\/beta.baberg-drehtechnik.de\/index.php?rest_route=\/wp\/v2\/pages\/327\/revisions"}],"predecessor-version":[{"id":470,"href":"https:\/\/beta.baberg-drehtechnik.de\/index.php?rest_route=\/wp\/v2\/pages\/327\/revisions\/470"}],"up":[{"embeddable":true,"href":"https:\/\/beta.baberg-drehtechnik.de\/index.php?rest_route=\/wp\/v2\/pages\/37"}],"wp:featuredmedia":[{"embeddable":true,"href":"https:\/\/beta.baberg-drehtechnik.de\/index.php?rest_route=\/wp\/v2\/media\/520"}],"wp:attachment":[{"href":"https:\/\/beta.baberg-drehtechnik.de\/index.php?rest_route=%2Fwp%2Fv2%2Fmedia&parent=327"}],"curies":[{"name":"wp","href":"https:\/\/api.w.org\/{rel}","templated":true}]}}