{"id":333,"date":"2013-12-30T10:05:44","date_gmt":"2013-12-30T10:05:44","guid":{"rendered":"http:\/\/beta.baberg-drehtechnik.de\/?page_id=333"},"modified":"2016-03-09T16:51:19","modified_gmt":"2016-03-09T16:51:19","slug":"drehteilveredelung","status":"publish","type":"page","link":"https:\/\/beta.baberg-drehtechnik.de\/?page_id=333","title":{"rendered":"Drehteilveredelung"},"content":{"rendered":"<p>Als zus\u00e4tzlichen Service bietet Baberg Drehtechnik diverse Oberfl\u00e4chenbehandlungen wie\u00a0Glanzchrom, Mattchrom, Gold, Nickel, Verzinken, Br\u00fcnieren, H\u00e4rten oder Eloxieren an.<\/p>\n<p>&nbsp;<\/p>\n<h1>Diese Seiten werden gerade \u00fcberarbeitet. Bitte schauen Sie in den n\u00e4chsten Tagen noch einmal vorbei!<\/h1>\n<p>&nbsp;<\/p>\n<p>&nbsp;<\/p>\n<p><em>F\u00fcr weitere Informationen kontaktieren Sie bitte <\/em><a title=\"\" href=\"mailto:info@fluehs.de\"><em>info@baberg-drehtechnik.de<\/em><\/a><\/p>\n","protected":false},"excerpt":{"rendered":"<p>Als zus\u00e4tzlichen Service bietet Baberg Drehtechnik diverse Oberfl\u00e4chenbehandlungen wie\u00a0Glanzchrom, Mattchrom, Gold, Nickel, Verzinken, Br\u00fcnieren, H\u00e4rten oder Eloxieren an. &nbsp; Diese Seiten werden gerade \u00fcberarbeitet. Bitte schauen Sie in den n\u00e4chsten Tagen noch einmal vorbei! &nbsp; &nbsp; F\u00fcr weitere Informationen kontaktieren &hellip; <a href=\"https:\/\/beta.baberg-drehtechnik.de\/?page_id=333\">Weiterlesen <span class=\"meta-nav\">&rarr;<\/span><\/a><\/p>\n","protected":false},"author":2,"featured_media":0,"parent":37,"menu_order":300,"comment_status":"closed","ping_status":"closed","template":"sidebar-page.php","meta":{"ngg_post_thumbnail":0,"footnotes":""},"class_list":["post-333","page","type-page","status-publish","hentry"],"_links":{"self":[{"href":"https:\/\/beta.baberg-drehtechnik.de\/index.php?rest_route=\/wp\/v2\/pages\/333","targetHints":{"allow":["GET"]}}],"collection":[{"href":"https:\/\/beta.baberg-drehtechnik.de\/index.php?rest_route=\/wp\/v2\/pages"}],"about":[{"href":"https:\/\/beta.baberg-drehtechnik.de\/index.php?rest_route=\/wp\/v2\/types\/page"}],"author":[{"embeddable":true,"href":"https:\/\/beta.baberg-drehtechnik.de\/index.php?rest_route=\/wp\/v2\/users\/2"}],"replies":[{"embeddable":true,"href":"https:\/\/beta.baberg-drehtechnik.de\/index.php?rest_route=%2Fwp%2Fv2%2Fcomments&post=333"}],"version-history":[{"count":5,"href":"https:\/\/beta.baberg-drehtechnik.de\/index.php?rest_route=\/wp\/v2\/pages\/333\/revisions"}],"predecessor-version":[{"id":474,"href":"https:\/\/beta.baberg-drehtechnik.de\/index.php?rest_route=\/wp\/v2\/pages\/333\/revisions\/474"}],"up":[{"embeddable":true,"href":"https:\/\/beta.baberg-drehtechnik.de\/index.php?rest_route=\/wp\/v2\/pages\/37"}],"wp:attachment":[{"href":"https:\/\/beta.baberg-drehtechnik.de\/index.php?rest_route=%2Fwp%2Fv2%2Fmedia&parent=333"}],"curies":[{"name":"wp","href":"https:\/\/api.w.org\/{rel}","templated":true}]}}