{"id":37,"date":"2013-09-19T10:24:17","date_gmt":"2013-09-19T10:24:17","guid":{"rendered":"http:\/\/beta.baberg-drehtechnik.de\/?page_id=37"},"modified":"2016-07-09T17:45:34","modified_gmt":"2016-07-09T17:45:34","slug":"leistung","status":"publish","type":"page","link":"https:\/\/beta.baberg-drehtechnik.de\/?page_id=37","title":{"rendered":"Drehtechnik"},"content":{"rendered":"<p style=\"text-align: justify;\"><img loading=\"lazy\" decoding=\"async\" class=\"alignright wp-image-532\" src=\"http:\/\/www.baberg-drehtechnik.de\/wp-content\/uploads\/2016\/07\/20160709-IMG_1712-300x300.jpg\" alt=\"Drehteile\" width=\"243\" height=\"243\" srcset=\"https:\/\/beta.baberg-drehtechnik.de\/wp-content\/uploads\/2016\/07\/20160709-IMG_1712-300x300.jpg 300w, https:\/\/beta.baberg-drehtechnik.de\/wp-content\/uploads\/2016\/07\/20160709-IMG_1712-150x150.jpg 150w, https:\/\/beta.baberg-drehtechnik.de\/wp-content\/uploads\/2016\/07\/20160709-IMG_1712-768x768.jpg 768w, https:\/\/beta.baberg-drehtechnik.de\/wp-content\/uploads\/2016\/07\/20160709-IMG_1712-1024x1024.jpg 1024w, https:\/\/beta.baberg-drehtechnik.de\/wp-content\/uploads\/2016\/07\/20160709-IMG_1712.jpg 1280w\" sizes=\"auto, (max-width: 243px) 100vw, 243px\" \/>Unser Leistungsspektrum erstreckt sich von der CNC-Pr\u00e4zisionsdrehteilefertigung \u00fcber die Oberfl\u00e4chenveredelung und W\u00e4rmebehandlung bis hin zur Baugruppenmontage. Ein hoch-moderner Maschinenpark und ein qualifizierter Mitarbeiterstab sorgen f\u00fcr ein H\u00f6chstma\u00df an Pr\u00e4zision, Qualit\u00e4t und Zuverl\u00e4ssigkeit. Auch komplexe Kundenw\u00fcnsche und Problem-l\u00f6sungen realisieren be-ziehungsweise erarbeiten wir von der Planung \u00fcber die Fertigung und Nachbearbeitung \u00f6konomisch, flexibel und innovativ nach Muster oder Zeichnung. Unser Fertigungsbereich bewegt sich bis 32 mm und umfasst alle zerspanbaren Materialien.<\/p>\n<p style=\"text-align: justify;\">\n","protected":false},"excerpt":{"rendered":"<p>Unser Leistungsspektrum erstreckt sich von der CNC-Pr\u00e4zisionsdrehteilefertigung \u00fcber die Oberfl\u00e4chenveredelung und W\u00e4rmebehandlung bis hin zur Baugruppenmontage. Ein hoch-moderner Maschinenpark und ein qualifizierter Mitarbeiterstab sorgen f\u00fcr ein H\u00f6chstma\u00df an Pr\u00e4zision, Qualit\u00e4t und Zuverl\u00e4ssigkeit. Auch komplexe Kundenw\u00fcnsche und Problem-l\u00f6sungen realisieren be-ziehungsweise erarbeiten &hellip; <a href=\"https:\/\/beta.baberg-drehtechnik.de\/?page_id=37\">Weiterlesen <span class=\"meta-nav\">&rarr;<\/span><\/a><\/p>\n","protected":false},"author":2,"featured_media":0,"parent":0,"menu_order":30,"comment_status":"closed","ping_status":"closed","template":"sidebar-page.php","meta":{"ngg_post_thumbnail":0,"footnotes":""},"class_list":["post-37","page","type-page","status-publish","hentry"],"_links":{"self":[{"href":"https:\/\/beta.baberg-drehtechnik.de\/index.php?rest_route=\/wp\/v2\/pages\/37","targetHints":{"allow":["GET"]}}],"collection":[{"href":"https:\/\/beta.baberg-drehtechnik.de\/index.php?rest_route=\/wp\/v2\/pages"}],"about":[{"href":"https:\/\/beta.baberg-drehtechnik.de\/index.php?rest_route=\/wp\/v2\/types\/page"}],"author":[{"embeddable":true,"href":"https:\/\/beta.baberg-drehtechnik.de\/index.php?rest_route=\/wp\/v2\/users\/2"}],"replies":[{"embeddable":true,"href":"https:\/\/beta.baberg-drehtechnik.de\/index.php?rest_route=%2Fwp%2Fv2%2Fcomments&post=37"}],"version-history":[{"count":12,"href":"https:\/\/beta.baberg-drehtechnik.de\/index.php?rest_route=\/wp\/v2\/pages\/37\/revisions"}],"predecessor-version":[{"id":541,"href":"https:\/\/beta.baberg-drehtechnik.de\/index.php?rest_route=\/wp\/v2\/pages\/37\/revisions\/541"}],"wp:attachment":[{"href":"https:\/\/beta.baberg-drehtechnik.de\/index.php?rest_route=%2Fwp%2Fv2%2Fmedia&parent=37"}],"curies":[{"name":"wp","href":"https:\/\/api.w.org\/{rel}","templated":true}]}}