{"id":43,"date":"2013-09-19T10:27:25","date_gmt":"2013-09-19T10:27:25","guid":{"rendered":"http:\/\/beta.baberg-drehtechnik.de\/?page_id=43"},"modified":"2017-01-04T14:12:13","modified_gmt":"2017-01-04T14:12:13","slug":"qualitaet","status":"publish","type":"page","link":"https:\/\/beta.baberg-drehtechnik.de\/?page_id=43","title":{"rendered":"Qualit\u00e4t"},"content":{"rendered":"<h2>Zertifiziert nach DIN EN ISO 9001:2008<\/h2>\n<p>Die Baberg GmbH &amp; Co. KG garantiert Produkte auf hohem Qualit\u00e4tsniveau auf das sich unsere &nbsp;Kunden seit \u00fcber 80 Jahren verlassen. Die Herstellung unserer Pr\u00e4zisionsdrehteile und kompletter Baugruppen sind nach DIN EN ISO 9001:2008 zertifiziert. Zur Qualit\u00e4tssicherung kommen moderne Mess- und Pr\u00fcfeinrichtungen zum Einsatz.<\/p>\n<h2>Ihre Vorteile<\/h2>\n<ul>\n<li>hohes Qualit\u00e4tsniveau seit \u00fcber 80 Jahren<\/li>\n<li>zertifiziertes Qualit\u00e4tsmanagement nach DIN EN ISO 9001:2008<\/li>\n<li>moderne Mess- und Pr\u00fcfeinrichtungen zur Qualit\u00e4tssicherung<\/li>\n<\/ul>\n<p>Zum Download bitte auf das Zertifikat klicken:<\/p>\n<p><a href=\"http:\/\/www.baberg-drehtechnik.de\/wp-content\/uploads\/2017\/01\/Baberg-Zertifikat-2017.pdf\"><img loading=\"lazy\" decoding=\"async\" class=\"size-full wp-image-561 alignleft\" src=\"http:\/\/www.baberg-drehtechnik.de\/wp-content\/uploads\/2017\/01\/Baberg-Zertifikat-2017-210x297.jpg\" alt=\"\" width=\"210\" height=\"297\"><\/a><\/p>\n<p>&nbsp;<\/p>\n<p>&nbsp;<\/p>\n<p>&nbsp;<\/p>\n<p>&nbsp;<\/p>\n<p>&nbsp;<\/p>\n<p>&nbsp;<\/p>\n<p>&nbsp;<\/p>\n<p style=\"text-align: left;\">&nbsp;<\/p>\n<p style=\"text-align: left;\">Ein Beispiel aus unserer Messtechnik:<\/p>\n<p><a href=\"http:\/\/www.baberg-drehtechnik.de\/wp-content\/uploads\/2013\/09\/QS_01-800.jpg\"><img loading=\"lazy\" decoding=\"async\" class=\" wp-image-385 alignnone\" src=\"https:\/\/beta.baberg-drehtechnik.de\/wp-content\/uploads\/2013\/09\/QS_01-800-300x199.jpg\" alt=\"QS_01-800\" width=\"240\" height=\"159\" srcset=\"https:\/\/beta.baberg-drehtechnik.de\/wp-content\/uploads\/2013\/09\/QS_01-800-300x199.jpg 300w, https:\/\/beta.baberg-drehtechnik.de\/wp-content\/uploads\/2013\/09\/QS_01-800-450x300.jpg 450w, https:\/\/beta.baberg-drehtechnik.de\/wp-content\/uploads\/2013\/09\/QS_01-800.jpg 800w\" sizes=\"auto, (max-width: 240px) 100vw, 240px\" \/><\/a> <a href=\"http:\/\/www.baberg-drehtechnik.de\/wp-content\/uploads\/2013\/09\/QS_02-800.jpg\"><img loading=\"lazy\" decoding=\"async\" class=\" wp-image-386 alignnone\" src=\"https:\/\/beta.baberg-drehtechnik.de\/wp-content\/uploads\/2013\/09\/QS_02-800-300x199.jpg\" alt=\"QS_02-800\" width=\"240\" height=\"159\" srcset=\"https:\/\/beta.baberg-drehtechnik.de\/wp-content\/uploads\/2013\/09\/QS_02-800-300x199.jpg 300w, https:\/\/beta.baberg-drehtechnik.de\/wp-content\/uploads\/2013\/09\/QS_02-800-450x300.jpg 450w, https:\/\/beta.baberg-drehtechnik.de\/wp-content\/uploads\/2013\/09\/QS_02-800.jpg 800w\" sizes=\"auto, (max-width: 240px) 100vw, 240px\" \/><\/a><\/p>\n","protected":false},"excerpt":{"rendered":"<p>Zertifiziert nach DIN EN ISO 9001:2008 Die Baberg GmbH &amp; Co. KG garantiert Produkte auf hohem Qualit\u00e4tsniveau auf das sich unsere &nbsp;Kunden seit \u00fcber 80 Jahren verlassen. Die Herstellung unserer Pr\u00e4zisionsdrehteile und kompletter Baugruppen sind nach DIN EN ISO 9001:2008 &hellip; <a href=\"https:\/\/beta.baberg-drehtechnik.de\/?page_id=43\">Weiterlesen <span class=\"meta-nav\">&rarr;<\/span><\/a><\/p>\n","protected":false},"author":2,"featured_media":0,"parent":0,"menu_order":40,"comment_status":"closed","ping_status":"closed","template":"sidebar-page.php","meta":{"ngg_post_thumbnail":0,"footnotes":""},"class_list":["post-43","page","type-page","status-publish","hentry"],"_links":{"self":[{"href":"https:\/\/beta.baberg-drehtechnik.de\/index.php?rest_route=\/wp\/v2\/pages\/43","targetHints":{"allow":["GET"]}}],"collection":[{"href":"https:\/\/beta.baberg-drehtechnik.de\/index.php?rest_route=\/wp\/v2\/pages"}],"about":[{"href":"https:\/\/beta.baberg-drehtechnik.de\/index.php?rest_route=\/wp\/v2\/types\/page"}],"author":[{"embeddable":true,"href":"https:\/\/beta.baberg-drehtechnik.de\/index.php?rest_route=\/wp\/v2\/users\/2"}],"replies":[{"embeddable":true,"href":"https:\/\/beta.baberg-drehtechnik.de\/index.php?rest_route=%2Fwp%2Fv2%2Fcomments&post=43"}],"version-history":[{"count":16,"href":"https:\/\/beta.baberg-drehtechnik.de\/index.php?rest_route=\/wp\/v2\/pages\/43\/revisions"}],"predecessor-version":[{"id":98,"href":"https:\/\/beta.baberg-drehtechnik.de\/index.php?rest_route=\/wp\/v2\/pages\/43\/revisions\/98"}],"wp:attachment":[{"href":"https:\/\/beta.baberg-drehtechnik.de\/index.php?rest_route=%2Fwp%2Fv2%2Fmedia&parent=43"}],"curies":[{"name":"wp","href":"https:\/\/api.w.org\/{rel}","templated":true}]}}